

{"id":10914,"date":"2023-06-19T15:57:07","date_gmt":"2023-06-19T13:57:07","guid":{"rendered":"https:\/\/test.loris.tv\/gms\/?page_id=10914"},"modified":"2023-11-13T13:23:26","modified_gmt":"2023-11-13T12:23:26","slug":"regeln","status":"publish","type":"page","link":"https:\/\/test.loris.tv\/gms\/schulleben\/regeln\/","title":{"rendered":"Regeln"},"content":{"rendered":"\t\t<div data-elementor-type=\"wp-page\" data-elementor-id=\"10914\" class=\"elementor elementor-10914\">\n\t\t\t\t\t\t\t\t\t<section class=\"elementor-section elementor-top-section elementor-element elementor-element-b652c7b elementor-section-boxed elementor-section-height-default elementor-section-height-default\" data-id=\"b652c7b\" data-element_type=\"section\">\n\t\t\t\t\t\t<div class=\"elementor-container elementor-column-gap-default\">\n\t\t\t\t\t<div class=\"elementor-column elementor-col-100 elementor-top-column elementor-element elementor-element-1c79607\" data-id=\"1c79607\" data-element_type=\"column\">\n\t\t\t<div class=\"elementor-widget-wrap elementor-element-populated\">\n\t\t\t\t\t\t\t\t<div class=\"elementor-element elementor-element-388a075 elementor-widget elementor-widget-text-editor\" data-id=\"388a075\" data-element_type=\"widget\" data-widget_type=\"text-editor.default\">\n\t\t\t\t<div class=\"elementor-widget-container\">\n\t\t\t<style>\/*! elementor - v3.6.6 - 08-06-2022 *\/\n.elementor-widget-text-editor.elementor-drop-cap-view-stacked .elementor-drop-cap{background-color:#818a91;color:#fff}.elementor-widget-text-editor.elementor-drop-cap-view-framed .elementor-drop-cap{color:#818a91;border:3px solid;background-color:transparent}.elementor-widget-text-editor:not(.elementor-drop-cap-view-default) .elementor-drop-cap{margin-top:8px}.elementor-widget-text-editor:not(.elementor-drop-cap-view-default) .elementor-drop-cap-letter{width:1em;height:1em}.elementor-widget-text-editor .elementor-drop-cap{float:left;text-align:center;line-height:1;font-size:50px}.elementor-widget-text-editor .elementor-drop-cap-letter{display:inline-block}<\/style>\t\t\t\t<p>Unser Ziel ist es, dass wir gemeinsam Zukunft gestalten. Das ist unser Leitsatz und bedeutet f\u00fcr uns, dass wir mit dir gemeinsam daran arbeiten. An dir und an uns, f\u00fcr eine Zukunft, die lebenswert ist.<span class=\"Apple-converted-space\">\u00a0<\/span><\/p><p>Um eine solche Zukunft zu erreichen, bauen wir auf die Prinzipien von Toleranz und gegenseitiger Wertsch\u00e4tzung. Wir sind also offen und tolerant gegen\u00fcber anderen Menschen und sch\u00e4tzen uns gegenseitig. Wie das genau funktionieren k\u00f6nnte, lest ihr hier.<\/p>\t\t\t\t\t\t<\/div>\n\t\t\t\t<\/div>\n\t\t\t\t\t<\/div>\n\t\t<\/div>\n\t\t\t\t\t\t\t<\/div>\n\t\t<\/section>\n\t\t\t\t<section class=\"elementor-section elementor-top-section elementor-element elementor-element-2226e58 elementor-section-boxed elementor-section-height-default elementor-section-height-default\" data-id=\"2226e58\" data-element_type=\"section\">\n\t\t\t\t\t\t<div class=\"elementor-container elementor-column-gap-default\">\n\t\t\t\t\t<div class=\"elementor-column elementor-col-50 elementor-top-column elementor-element elementor-element-f5b993c\" data-id=\"f5b993c\" data-element_type=\"column\">\n\t\t\t<div class=\"elementor-widget-wrap elementor-element-populated\">\n\t\t\t\t\t\t\t\t<div class=\"elementor-element elementor-element-5d58e5a elementor-widget elementor-widget-image\" data-id=\"5d58e5a\" data-element_type=\"widget\" data-widget_type=\"image.default\">\n\t\t\t\t<div class=\"elementor-widget-container\">\n\t\t\t<style>\/*! elementor - v3.6.6 - 08-06-2022 *\/\n.elementor-widget-image{text-align:center}.elementor-widget-image a{display:inline-block}.elementor-widget-image a img[src$=\".svg\"]{width:48px}.elementor-widget-image img{vertical-align:middle;display:inline-block}<\/style>\t\t\t\t\t\t\t\t\t\t\t\t\t<a href=\"https:\/\/test.loris.tv\/gms\/wp-content\/uploads\/2023\/11\/GMS_Regeln_01.jpg\" data-elementor-open-lightbox=\"yes\" data-elementor-lightbox-title=\"GMS_Regeln_01\" e-action-hash=\"#elementor-action%3Aaction%3Dlightbox%26settings%3DeyJpZCI6MTE1MjAsInVybCI6Imh0dHBzOlwvXC90ZXN0LmxvcmlzLnR2XC9nbXNcL3dwLWNvbnRlbnRcL3VwbG9hZHNcLzIwMjNcLzExXC9HTVNfUmVnZWxuXzAxLmpwZyJ9\">\n\t\t\t\t\t\t\t<img width=\"1200\" height=\"1697\" src=\"https:\/\/test.loris.tv\/gms\/wp-content\/uploads\/2023\/11\/GMS_Regeln_01.jpg\" class=\"attachment-full size-full\" alt=\"\" loading=\"lazy\" srcset=\"https:\/\/test.loris.tv\/gms\/wp-content\/uploads\/2023\/11\/GMS_Regeln_01.jpg 1200w, https:\/\/test.loris.tv\/gms\/wp-content\/uploads\/2023\/11\/GMS_Regeln_01-212x300.jpg 212w, https:\/\/test.loris.tv\/gms\/wp-content\/uploads\/2023\/11\/GMS_Regeln_01-724x1024.jpg 724w, https:\/\/test.loris.tv\/gms\/wp-content\/uploads\/2023\/11\/GMS_Regeln_01-768x1086.jpg 768w, https:\/\/test.loris.tv\/gms\/wp-content\/uploads\/2023\/11\/GMS_Regeln_01-1086x1536.jpg 1086w\" sizes=\"(max-width: 1200px) 100vw, 1200px\" \/>\t\t\t\t\t\t\t\t<\/a>\n\t\t\t\t\t\t\t\t\t\t\t\t\t\t\t<\/div>\n\t\t\t\t<\/div>\n\t\t\t\t\t<\/div>\n\t\t<\/div>\n\t\t\t\t<div class=\"elementor-column elementor-col-50 elementor-top-column elementor-element elementor-element-1851f4b\" data-id=\"1851f4b\" data-element_type=\"column\">\n\t\t\t<div class=\"elementor-widget-wrap elementor-element-populated\">\n\t\t\t\t\t\t\t\t<div class=\"elementor-element elementor-element-79c0eff elementor-widget elementor-widget-image\" data-id=\"79c0eff\" data-element_type=\"widget\" data-widget_type=\"image.default\">\n\t\t\t\t<div class=\"elementor-widget-container\">\n\t\t\t\t\t\t\t\t\t\t\t\t\t\t\t\t<a href=\"https:\/\/test.loris.tv\/gms\/wp-content\/uploads\/2023\/11\/GMS_Regeln_02.jpg\" data-elementor-open-lightbox=\"yes\" data-elementor-lightbox-title=\"GMS_Regeln_02\" e-action-hash=\"#elementor-action%3Aaction%3Dlightbox%26settings%3DeyJpZCI6MTE1MjEsInVybCI6Imh0dHBzOlwvXC90ZXN0LmxvcmlzLnR2XC9nbXNcL3dwLWNvbnRlbnRcL3VwbG9hZHNcLzIwMjNcLzExXC9HTVNfUmVnZWxuXzAyLmpwZyJ9\">\n\t\t\t\t\t\t\t<img width=\"1200\" height=\"1697\" src=\"https:\/\/test.loris.tv\/gms\/wp-content\/uploads\/2023\/11\/GMS_Regeln_02.jpg\" class=\"attachment-full size-full\" alt=\"\" loading=\"lazy\" srcset=\"https:\/\/test.loris.tv\/gms\/wp-content\/uploads\/2023\/11\/GMS_Regeln_02.jpg 1200w, https:\/\/test.loris.tv\/gms\/wp-content\/uploads\/2023\/11\/GMS_Regeln_02-212x300.jpg 212w, https:\/\/test.loris.tv\/gms\/wp-content\/uploads\/2023\/11\/GMS_Regeln_02-724x1024.jpg 724w, https:\/\/test.loris.tv\/gms\/wp-content\/uploads\/2023\/11\/GMS_Regeln_02-768x1086.jpg 768w, https:\/\/test.loris.tv\/gms\/wp-content\/uploads\/2023\/11\/GMS_Regeln_02-1086x1536.jpg 1086w\" sizes=\"(max-width: 1200px) 100vw, 1200px\" \/>\t\t\t\t\t\t\t\t<\/a>\n\t\t\t\t\t\t\t\t\t\t\t\t\t\t\t<\/div>\n\t\t\t\t<\/div>\n\t\t\t\t\t<\/div>\n\t\t<\/div>\n\t\t\t\t\t\t\t<\/div>\n\t\t<\/section>\n\t\t\t\t\t\t\t<\/div>\n\t\t","protected":false},"excerpt":{"rendered":"<p>Unser Ziel ist es, dass wir gemeinsam Zukunft gestalten. Das ist unser Leitsatz und bedeutet f\u00fcr uns, dass wir mit dir gemeinsam daran arbeiten. An dir und an uns, f\u00fcr eine Zukunft, die lebenswert ist.\u00a0 Um eine solche Zukunft zu &hellip; <\/p>\n","protected":false},"author":1,"featured_media":0,"parent":10632,"menu_order":40,"comment_status":"closed","ping_status":"closed","template":"","meta":[],"_links":{"self":[{"href":"https:\/\/test.loris.tv\/gms\/wp-json\/wp\/v2\/pages\/10914"}],"collection":[{"href":"https:\/\/test.loris.tv\/gms\/wp-json\/wp\/v2\/pages"}],"about":[{"href":"https:\/\/test.loris.tv\/gms\/wp-json\/wp\/v2\/types\/page"}],"author":[{"embeddable":true,"href":"https:\/\/test.loris.tv\/gms\/wp-json\/wp\/v2\/users\/1"}],"replies":[{"embeddable":true,"href":"https:\/\/test.loris.tv\/gms\/wp-json\/wp\/v2\/comments?post=10914"}],"version-history":[{"count":7,"href":"https:\/\/test.loris.tv\/gms\/wp-json\/wp\/v2\/pages\/10914\/revisions"}],"predecessor-version":[{"id":11531,"href":"https:\/\/test.loris.tv\/gms\/wp-json\/wp\/v2\/pages\/10914\/revisions\/11531"}],"up":[{"embeddable":true,"href":"https:\/\/test.loris.tv\/gms\/wp-json\/wp\/v2\/pages\/10632"}],"wp:attachment":[{"href":"https:\/\/test.loris.tv\/gms\/wp-json\/wp\/v2\/media?parent=10914"}],"curies":[{"name":"wp","href":"https:\/\/api.w.org\/{rel}","templated":true}]}}