

{"id":10812,"date":"2023-05-22T13:15:49","date_gmt":"2023-05-22T11:15:49","guid":{"rendered":"https:\/\/test.loris.tv\/gms\/?page_id=10812"},"modified":"2023-11-13T13:12:52","modified_gmt":"2023-11-13T12:12:52","slug":"blaeserklasse","status":"publish","type":"page","link":"https:\/\/test.loris.tv\/gms\/schulleben\/blaeserklasse\/","title":{"rendered":"Bl\u00e4serklasse"},"content":{"rendered":"\t\t<div data-elementor-type=\"wp-page\" data-elementor-id=\"10812\" class=\"elementor elementor-10812\">\n\t\t\t\t\t\t\t\t\t<section class=\"elementor-section elementor-top-section elementor-element elementor-element-2224dc6 elementor-section-height-min-height elementor-section-items-bottom elementor-section-content-middle elementor-section-boxed elementor-section-height-default\" data-id=\"2224dc6\" data-element_type=\"section\" data-settings=\"{&quot;background_background&quot;:&quot;classic&quot;}\">\n\t\t\t\t\t\t\t<div class=\"elementor-background-overlay\"><\/div>\n\t\t\t\t\t\t\t<div class=\"elementor-container elementor-column-gap-default\">\n\t\t\t\t\t<div class=\"elementor-column elementor-col-100 elementor-top-column elementor-element elementor-element-8e5c8bd\" data-id=\"8e5c8bd\" data-element_type=\"column\">\n\t\t\t<div class=\"elementor-widget-wrap elementor-element-populated\">\n\t\t\t\t\t\t\t\t<div class=\"elementor-element elementor-element-8080a0e elementor-widget__width-initial elementor-widget elementor-widget-text-editor\" data-id=\"8080a0e\" data-element_type=\"widget\" data-widget_type=\"text-editor.default\">\n\t\t\t\t<div class=\"elementor-widget-container\">\n\t\t\t<style>\/*! elementor - v3.6.6 - 08-06-2022 *\/\n.elementor-widget-text-editor.elementor-drop-cap-view-stacked .elementor-drop-cap{background-color:#818a91;color:#fff}.elementor-widget-text-editor.elementor-drop-cap-view-framed .elementor-drop-cap{color:#818a91;border:3px solid;background-color:transparent}.elementor-widget-text-editor:not(.elementor-drop-cap-view-default) .elementor-drop-cap{margin-top:8px}.elementor-widget-text-editor:not(.elementor-drop-cap-view-default) .elementor-drop-cap-letter{width:1em;height:1em}.elementor-widget-text-editor .elementor-drop-cap{float:left;text-align:center;line-height:1;font-size:50px}.elementor-widget-text-editor .elementor-drop-cap-letter{display:inline-block}<\/style>\t\t\t\t<div>Bl\u00e4serklasse<\/div>\t\t\t\t\t\t<\/div>\n\t\t\t\t<\/div>\n\t\t\t\t\t<\/div>\n\t\t<\/div>\n\t\t\t\t\t\t\t<\/div>\n\t\t<\/section>\n\t\t\t\t<section class=\"elementor-section elementor-top-section elementor-element elementor-element-7420512 elementor-section-stretched elementor-section-boxed elementor-section-height-default elementor-section-height-default\" data-id=\"7420512\" data-element_type=\"section\" data-settings=\"{&quot;stretch_section&quot;:&quot;section-stretched&quot;}\">\n\t\t\t\t\t\t<div class=\"elementor-container elementor-column-gap-custom\">\n\t\t\t\t\t<div class=\"elementor-column elementor-col-50 elementor-top-column elementor-element elementor-element-e5ef32c\" data-id=\"e5ef32c\" data-element_type=\"column\">\n\t\t\t<div class=\"elementor-widget-wrap elementor-element-populated\">\n\t\t\t\t\t\t\t\t<div class=\"elementor-element elementor-element-8109ed8 elementor-widget elementor-widget-image\" data-id=\"8109ed8\" data-element_type=\"widget\" data-widget_type=\"image.default\">\n\t\t\t\t<div class=\"elementor-widget-container\">\n\t\t\t<style>\/*! elementor - v3.6.6 - 08-06-2022 *\/\n.elementor-widget-image{text-align:center}.elementor-widget-image a{display:inline-block}.elementor-widget-image a img[src$=\".svg\"]{width:48px}.elementor-widget-image img{vertical-align:middle;display:inline-block}<\/style>\t\t\t\t\t\t\t\t\t\t\t\t<img width=\"1200\" height=\"900\" src=\"https:\/\/test.loris.tv\/gms\/wp-content\/uploads\/2023\/11\/GMS_Blaeserklasse-7.jpg\" class=\"attachment-full size-full\" alt=\"\" loading=\"lazy\" srcset=\"https:\/\/test.loris.tv\/gms\/wp-content\/uploads\/2023\/11\/GMS_Blaeserklasse-7.jpg 1200w, https:\/\/test.loris.tv\/gms\/wp-content\/uploads\/2023\/11\/GMS_Blaeserklasse-7-300x225.jpg 300w, https:\/\/test.loris.tv\/gms\/wp-content\/uploads\/2023\/11\/GMS_Blaeserklasse-7-1024x768.jpg 1024w, https:\/\/test.loris.tv\/gms\/wp-content\/uploads\/2023\/11\/GMS_Blaeserklasse-7-768x576.jpg 768w\" sizes=\"(max-width: 1200px) 100vw, 1200px\" \/>\t\t\t\t\t\t\t\t\t\t\t\t\t\t\t<\/div>\n\t\t\t\t<\/div>\n\t\t\t\t\t<\/div>\n\t\t<\/div>\n\t\t\t\t<div class=\"elementor-column elementor-col-50 elementor-top-column elementor-element elementor-element-dca0e9b\" data-id=\"dca0e9b\" data-element_type=\"column\">\n\t\t\t<div class=\"elementor-widget-wrap elementor-element-populated\">\n\t\t\t\t\t\t\t\t<div class=\"elementor-element elementor-element-e412ec4 elementor-widget thim-ekits-heading elementor-widget-thim-heading\" data-id=\"e412ec4\" data-element_type=\"widget\" data-widget_type=\"thim-heading.default\">\n\t\t\t\t<div class=\"elementor-widget-container\">\n\t\t\t<div class=\"sc_heading \"><h4 class=\"title\">Was ist eine Bl\u00e4serklasse<\/h4><span class=\"line\"><\/span><\/div>\t\t<\/div>\n\t\t\t\t<\/div>\n\t\t\t\t<div class=\"elementor-element elementor-element-198e8be elementor-widget thim-ekits-heading elementor-widget-thim-heading\" data-id=\"198e8be\" data-element_type=\"widget\" data-widget_type=\"thim-heading.default\">\n\t\t\t\t<div class=\"elementor-widget-container\">\n\t\t\t<div class=\"sc_heading \"><h3 class=\"title\"><\/h3><div class=\"sub-heading\"><p>In einer Bl\u00e4serklasse erlernt jede Sch\u00fclerin und jeder Sch\u00fcler im Musikunterricht ein klassisches Blasinstrument:<\/p>\n<\/div><\/div>\t\t<\/div>\n\t\t\t\t<\/div>\n\t\t\t\t<div class=\"elementor-element elementor-element-fb74c7d elementor-widget elementor-widget-thim-ekits-header-info\" data-id=\"fb74c7d\" data-element_type=\"widget\" data-widget_type=\"thim-ekits-header-info.default\">\n\t\t\t\t<div class=\"elementor-widget-container\">\n\t\t\t\t\t<div class=\"header-info-swapper\">\r\n\t\t\t<ul class=\"thim-header-info\">\r\n\t\t\t\t\t\t\t\t\t\t<li>\r\n\t\t\t\t\t\t\t\t\t\t\t\t\t\t\t\t\t\t\t\t\t\t<span>\r\n\t\t\t\t\t\t\t\t\t<i aria-hidden=\"true\" class=\"tk tk-check\"><\/i>\t\t\t\t\t\t\t\t<\/span>\r\n\t\t\t\t\t\t\t\t\t\t\t\t\t\t\tQuerfl\u00f6te\t\t\t\t\t\t\t\t\t\t\t\t\t<\/li>\r\n\t\t\t\t\t\t\t\t\t\t\t\t<li>\r\n\t\t\t\t\t\t\t\t\t\t\t\t\t\t\t\t\t\t\t\t\t\t<span>\r\n\t\t\t\t\t\t\t\t\t<i aria-hidden=\"true\" class=\"tk tk-check\"><\/i>\t\t\t\t\t\t\t\t<\/span>\r\n\t\t\t\t\t\t\t\t\t\t\t\t\t\t\tKlarinette\t\t\t\t\t\t\t\t\t\t\t\t\t<\/li>\r\n\t\t\t\t\t\t\t\t\t\t\t\t<li>\r\n\t\t\t\t\t\t\t\t\t\t\t\t\t\t\t\t\t\t\t\t\t\t<span>\r\n\t\t\t\t\t\t\t\t\t<i aria-hidden=\"true\" class=\"tk tk-check\"><\/i>\t\t\t\t\t\t\t\t<\/span>\r\n\t\t\t\t\t\t\t\t\t\t\t\t\t\t\tSaxophon\t\t\t\t\t\t\t\t\t\t\t\t\t<\/li>\r\n\t\t\t\t\t\t\t\t\t\t\t\t<li>\r\n\t\t\t\t\t\t\t\t\t\t\t\t\t\t\t\t\t\t\t\t\t\t<span>\r\n\t\t\t\t\t\t\t\t\t<i aria-hidden=\"true\" class=\"tk tk-check\"><\/i>\t\t\t\t\t\t\t\t<\/span>\r\n\t\t\t\t\t\t\t\t\t\t\t\t\t\t\tTrompete\t\t\t\t\t\t\t\t\t\t\t\t\t<\/li>\r\n\t\t\t\t\t\t\t\t\t\t\t\t<li>\r\n\t\t\t\t\t\t\t\t\t\t\t\t\t\t\t\t\t\t\t\t\t\t<span>\r\n\t\t\t\t\t\t\t\t\t<i aria-hidden=\"true\" class=\"tk tk-check\"><\/i>\t\t\t\t\t\t\t\t<\/span>\r\n\t\t\t\t\t\t\t\t\t\t\t\t\t\t\tPosaune\t\t\t\t\t\t\t\t\t\t\t\t\t<\/li>\r\n\t\t\t\t\t\t\t\t\t\t\t\t<li>\r\n\t\t\t\t\t\t\t\t\t\t\t\t\t\t\t\t\t\t\t\t\t\t<span>\r\n\t\t\t\t\t\t\t\t\t<i aria-hidden=\"true\" class=\"tk tk-check\"><\/i>\t\t\t\t\t\t\t\t<\/span>\r\n\t\t\t\t\t\t\t\t\t\t\t\t\t\t\tEuphonium\t\t\t\t\t\t\t\t\t\t\t\t\t<\/li>\r\n\t\t\t\t\t\t\t\t\t\t\t\t<li>\r\n\t\t\t\t\t\t\t\t\t\t\t\t\t\t\t\t\t\t\t\t\t\t<span>\r\n\t\t\t\t\t\t\t\t\t<i aria-hidden=\"true\" class=\"tk tk-check\"><\/i>\t\t\t\t\t\t\t\t<\/span>\r\n\t\t\t\t\t\t\t\t\t\t\t\t\t\t\tTuba\t\t\t\t\t\t\t\t\t\t\t\t\t<\/li>\r\n\t\t\t\t\t\t\t\t\t<\/ul>\r\n\t\t<\/div>\r\n\t\t\t\t<\/div>\n\t\t\t\t<\/div>\n\t\t\t\t<div class=\"elementor-element elementor-element-c32b2dc elementor-widget thim-ekits-heading elementor-widget-thim-heading\" data-id=\"c32b2dc\" data-element_type=\"widget\" data-widget_type=\"thim-heading.default\">\n\t\t\t\t<div class=\"elementor-widget-container\">\n\t\t\t<div class=\"sc_heading \"><h3 class=\"title\"><\/h3><div class=\"sub-heading\"><p>Das Konzept erstreckt sich \u00fcber zwei Schuljahre.<\/p>\n<\/div><\/div>\t\t<\/div>\n\t\t\t\t<\/div>\n\t\t\t\t\t<\/div>\n\t\t<\/div>\n\t\t\t\t\t\t\t<\/div>\n\t\t<\/section>\n\t\t\t\t<section class=\"elementor-section elementor-top-section elementor-element elementor-element-7ae5aac elementor-section-stretched elementor-section-boxed elementor-section-height-default elementor-section-height-default\" data-id=\"7ae5aac\" data-element_type=\"section\" data-settings=\"{&quot;stretch_section&quot;:&quot;section-stretched&quot;}\">\n\t\t\t\t\t\t<div class=\"elementor-container elementor-column-gap-custom\">\n\t\t\t\t\t<div class=\"elementor-column elementor-col-50 elementor-top-column elementor-element elementor-element-9e4936d\" data-id=\"9e4936d\" data-element_type=\"column\">\n\t\t\t<div class=\"elementor-widget-wrap elementor-element-populated\">\n\t\t\t\t\t\t\t\t<div class=\"elementor-element elementor-element-d295ea2 elementor-widget thim-ekits-heading elementor-widget-thim-heading\" data-id=\"d295ea2\" data-element_type=\"widget\" data-widget_type=\"thim-heading.default\">\n\t\t\t\t<div class=\"elementor-widget-container\">\n\t\t\t<div class=\"sc_heading \"><h3 class=\"title\">Welche Voraussetzungen gibt es?<\/h3><span class=\"line\"><\/span><\/div>\t\t<\/div>\n\t\t\t\t<\/div>\n\t\t\t\t<div class=\"elementor-element elementor-element-c3a52a7 elementor-widget thim-ekits-heading elementor-widget-thim-heading\" data-id=\"c3a52a7\" data-element_type=\"widget\" data-widget_type=\"thim-heading.default\">\n\t\t\t\t<div class=\"elementor-widget-container\">\n\t\t\t<div class=\"sc_heading \"><div class=\"sub-heading\"><p>Musikalische Vorkenntnisse sind nicht erforderlich! Jedes Kind soll ein neues Instrument erlernen. Es soll eine Zusammenarbeit mit der Musikschule Burbach stattfinden, die die Instrumentalp\u00e4dagogen stellt. F\u00fcr den Instrumentalunterricht und die zur Verf\u00fcgung gestellten Instrumente samt Zubeh\u00f6r und Versicherung muss ein monatlicher Betrag von circa 33 \u20ac entrichtet werden.<\/p>\n<\/div><h3 class=\"title\"><\/h3><\/div>\t\t<\/div>\n\t\t\t\t<\/div>\n\t\t\t\t\t<\/div>\n\t\t<\/div>\n\t\t\t\t<div class=\"elementor-column elementor-col-50 elementor-top-column elementor-element elementor-element-739ba57\" data-id=\"739ba57\" data-element_type=\"column\">\n\t\t\t<div class=\"elementor-widget-wrap elementor-element-populated\">\n\t\t\t\t\t\t\t\t<div class=\"elementor-element elementor-element-60b403d elementor-widget elementor-widget-image\" data-id=\"60b403d\" data-element_type=\"widget\" data-widget_type=\"image.default\">\n\t\t\t\t<div class=\"elementor-widget-container\">\n\t\t\t\t\t\t\t\t\t\t\t\t\t\t\t<img width=\"1200\" height=\"900\" src=\"https:\/\/test.loris.tv\/gms\/wp-content\/uploads\/2023\/11\/GMS_Blaeserklasse-4.jpg\" class=\"attachment-full size-full\" alt=\"\" loading=\"lazy\" srcset=\"https:\/\/test.loris.tv\/gms\/wp-content\/uploads\/2023\/11\/GMS_Blaeserklasse-4.jpg 1200w, https:\/\/test.loris.tv\/gms\/wp-content\/uploads\/2023\/11\/GMS_Blaeserklasse-4-300x225.jpg 300w, https:\/\/test.loris.tv\/gms\/wp-content\/uploads\/2023\/11\/GMS_Blaeserklasse-4-1024x768.jpg 1024w, https:\/\/test.loris.tv\/gms\/wp-content\/uploads\/2023\/11\/GMS_Blaeserklasse-4-768x576.jpg 768w\" sizes=\"(max-width: 1200px) 100vw, 1200px\" \/>\t\t\t\t\t\t\t\t\t\t\t\t\t\t\t<\/div>\n\t\t\t\t<\/div>\n\t\t\t\t\t<\/div>\n\t\t<\/div>\n\t\t\t\t\t\t\t<\/div>\n\t\t<\/section>\n\t\t\t\t<section class=\"elementor-section elementor-top-section elementor-element elementor-element-b0fc4ac elementor-section-stretched elementor-section-boxed elementor-section-height-default elementor-section-height-default\" data-id=\"b0fc4ac\" data-element_type=\"section\" data-settings=\"{&quot;stretch_section&quot;:&quot;section-stretched&quot;}\">\n\t\t\t\t\t\t<div class=\"elementor-container elementor-column-gap-custom\">\n\t\t\t\t\t<div class=\"elementor-column elementor-col-50 elementor-top-column elementor-element elementor-element-135c343\" data-id=\"135c343\" data-element_type=\"column\">\n\t\t\t<div class=\"elementor-widget-wrap elementor-element-populated\">\n\t\t\t\t\t\t\t\t<div class=\"elementor-element elementor-element-c2c5014 elementor-widget elementor-widget-image\" data-id=\"c2c5014\" data-element_type=\"widget\" data-widget_type=\"image.default\">\n\t\t\t\t<div class=\"elementor-widget-container\">\n\t\t\t\t\t\t\t\t\t\t\t\t\t\t\t<img width=\"1200\" height=\"900\" src=\"https:\/\/test.loris.tv\/gms\/wp-content\/uploads\/2023\/11\/GMS_Blaeserklasse-1.jpg\" class=\"attachment-full size-full\" alt=\"\" loading=\"lazy\" srcset=\"https:\/\/test.loris.tv\/gms\/wp-content\/uploads\/2023\/11\/GMS_Blaeserklasse-1.jpg 1200w, https:\/\/test.loris.tv\/gms\/wp-content\/uploads\/2023\/11\/GMS_Blaeserklasse-1-300x225.jpg 300w, https:\/\/test.loris.tv\/gms\/wp-content\/uploads\/2023\/11\/GMS_Blaeserklasse-1-1024x768.jpg 1024w, https:\/\/test.loris.tv\/gms\/wp-content\/uploads\/2023\/11\/GMS_Blaeserklasse-1-768x576.jpg 768w\" sizes=\"(max-width: 1200px) 100vw, 1200px\" \/>\t\t\t\t\t\t\t\t\t\t\t\t\t\t\t<\/div>\n\t\t\t\t<\/div>\n\t\t\t\t\t<\/div>\n\t\t<\/div>\n\t\t\t\t<div class=\"elementor-column elementor-col-50 elementor-top-column elementor-element elementor-element-924ab78\" data-id=\"924ab78\" data-element_type=\"column\">\n\t\t\t<div class=\"elementor-widget-wrap elementor-element-populated\">\n\t\t\t\t\t\t\t\t<div class=\"elementor-element elementor-element-f6a8f67 elementor-widget thim-ekits-heading elementor-widget-thim-heading\" data-id=\"f6a8f67\" data-element_type=\"widget\" data-widget_type=\"thim-heading.default\">\n\t\t\t\t<div class=\"elementor-widget-container\">\n\t\t\t<div class=\"sc_heading \"><h3 class=\"title\">Was passiert in einer Bl\u00e4serklasse?<\/h3><span class=\"line\"><\/span><\/div>\t\t<\/div>\n\t\t\t\t<\/div>\n\t\t\t\t<div class=\"elementor-element elementor-element-08ffc36 elementor-widget elementor-widget-text-editor\" data-id=\"08ffc36\" data-element_type=\"widget\" data-widget_type=\"text-editor.default\">\n\t\t\t\t<div class=\"elementor-widget-container\">\n\t\t\t\t\t\t\t<p>Die Sch\u00fclerInnen lernen zun\u00e4chst alle Instrumente kennen und probieren diese auch aus.<\/p>\n<h6>W\u00f6chentlich erhalten die Sch\u00fclerlnnen<\/h6>\n<ul>\n<li>45-min\u00fctigen Gruppenunterricht in Kleingruppen, welcher am Nachmittag stattfindet und von professionellen Instrumentallehrern\/innen in der Schule<br \/>durchgef\u00fchrt wird<\/li>\n<li>eine 90-min\u00fctige Probe, in der die Sch\u00fclerlnnen gemeinsam im Klassen- verband musizieren. Dabei gelangen die Sch\u00fcler im Laufe der zwei Jahre von<br \/>einstimmigen Melodien \u00fcber leichte Zweistimmigkeit bis hin zu einfachen<br \/>Orchesterarrangements<\/li>\n<li>eine 45-min\u00fctige Musikstunde, in der durch gemeinsames Singen, Rhythmus\u00fcbungen, Besch\u00e4ftigung mit anderen Instrumentenfamilien und Kompositionen verschiedener Stilrichtungen und Epochen alle weiteren<br \/>Unterrichtsinhalte des Faches Musik vermittelt werden<\/li>\n<\/ul>\t\t\t\t\t\t<\/div>\n\t\t\t\t<\/div>\n\t\t\t\t\t<\/div>\n\t\t<\/div>\n\t\t\t\t\t\t\t<\/div>\n\t\t<\/section>\n\t\t\t\t<section class=\"elementor-section elementor-top-section elementor-element elementor-element-4342e54 elementor-section-boxed elementor-section-height-default elementor-section-height-default\" data-id=\"4342e54\" data-element_type=\"section\">\n\t\t\t\t\t\t<div class=\"elementor-container elementor-column-gap-custom\">\n\t\t\t\t\t<div class=\"elementor-column elementor-col-50 elementor-top-column elementor-element elementor-element-56eee0e\" data-id=\"56eee0e\" data-element_type=\"column\">\n\t\t\t<div class=\"elementor-widget-wrap elementor-element-populated\">\n\t\t\t\t\t\t\t\t<div class=\"elementor-element elementor-element-235d696 elementor-widget thim-ekits-heading elementor-widget-thim-heading\" data-id=\"235d696\" data-element_type=\"widget\" data-widget_type=\"thim-heading.default\">\n\t\t\t\t<div class=\"elementor-widget-container\">\n\t\t\t<div class=\"sc_heading \"><h3 class=\"title\">Worum geht es in einer Bl\u00e4serklasse?<\/h3><span class=\"line\"><\/span><\/div>\t\t<\/div>\n\t\t\t\t<\/div>\n\t\t\t\t<div class=\"elementor-element elementor-element-2ca84a4 elementor-widget thim-ekits-heading elementor-widget-thim-heading\" data-id=\"2ca84a4\" data-element_type=\"widget\" data-widget_type=\"thim-heading.default\">\n\t\t\t\t<div class=\"elementor-widget-container\">\n\t\t\t<div class=\"sc_heading \"><div class=\"sub-heading\"><p>Durch das gemeinsame Musizieren werden die Inhalte des Faches Musik erfahrbar und somit besonders lebendig und interessant. Das Musizieren hat im Schulalltag einen positiven Einfluss auf die Motivation und Konzentration, was sich positiv auf das Lernen<br \/>\ninsgesamt auswirkt.<\/p>\n<p>Die Sch\u00fclerlnnen lernen beim gemeinsamen Musizieren R\u00fccksicht, Verantwortung, Toleranz und soziales Miteinander, was zu einem sehr positiven Klassenklima f\u00fchrt. Das aktive Musizieren leistet so<br \/>\neinen Beitrag zur Pers\u00f6nlichkeitsentwicklung der Kinder.<\/p>\n<\/div><h3 class=\"title\"><\/h3><\/div>\t\t<\/div>\n\t\t\t\t<\/div>\n\t\t\t\t\t<\/div>\n\t\t<\/div>\n\t\t\t\t<div class=\"elementor-column elementor-col-50 elementor-top-column elementor-element elementor-element-dc6fa50\" data-id=\"dc6fa50\" data-element_type=\"column\">\n\t\t\t<div class=\"elementor-widget-wrap elementor-element-populated\">\n\t\t\t\t\t\t\t\t<div class=\"elementor-element elementor-element-eebc48d elementor-widget elementor-widget-image\" data-id=\"eebc48d\" data-element_type=\"widget\" data-widget_type=\"image.default\">\n\t\t\t\t<div class=\"elementor-widget-container\">\n\t\t\t\t\t\t\t\t\t\t\t\t\t\t\t<img width=\"1200\" height=\"900\" src=\"https:\/\/test.loris.tv\/gms\/wp-content\/uploads\/2023\/11\/GMS_Blaeserklasse-2.jpg\" class=\"attachment-full size-full\" alt=\"\" loading=\"lazy\" srcset=\"https:\/\/test.loris.tv\/gms\/wp-content\/uploads\/2023\/11\/GMS_Blaeserklasse-2.jpg 1200w, https:\/\/test.loris.tv\/gms\/wp-content\/uploads\/2023\/11\/GMS_Blaeserklasse-2-300x225.jpg 300w, https:\/\/test.loris.tv\/gms\/wp-content\/uploads\/2023\/11\/GMS_Blaeserklasse-2-1024x768.jpg 1024w, https:\/\/test.loris.tv\/gms\/wp-content\/uploads\/2023\/11\/GMS_Blaeserklasse-2-768x576.jpg 768w\" sizes=\"(max-width: 1200px) 100vw, 1200px\" \/>\t\t\t\t\t\t\t\t\t\t\t\t\t\t\t<\/div>\n\t\t\t\t<\/div>\n\t\t\t\t\t<\/div>\n\t\t<\/div>\n\t\t\t\t\t\t\t<\/div>\n\t\t<\/section>\n\t\t\t\t<section class=\"elementor-section elementor-top-section elementor-element elementor-element-6099981 elementor-section-boxed elementor-section-height-default elementor-section-height-default\" data-id=\"6099981\" data-element_type=\"section\">\n\t\t\t\t\t\t<div class=\"elementor-container elementor-column-gap-custom\">\n\t\t\t\t\t<div class=\"elementor-column elementor-col-50 elementor-top-column elementor-element elementor-element-897118a\" data-id=\"897118a\" data-element_type=\"column\">\n\t\t\t<div class=\"elementor-widget-wrap elementor-element-populated\">\n\t\t\t\t\t\t\t\t<div class=\"elementor-element elementor-element-3d98686 elementor-widget thim-ekits-heading elementor-widget-thim-heading\" data-id=\"3d98686\" data-element_type=\"widget\" data-widget_type=\"thim-heading.default\">\n\t\t\t\t<div class=\"elementor-widget-container\">\n\t\t\t<div class=\"sc_heading \"><h3 class=\"title\">Wie geht es danach weiter?<\/h3><span class=\"line\"><\/span><\/div>\t\t<\/div>\n\t\t\t\t<\/div>\n\t\t\t\t<div class=\"elementor-element elementor-element-649787d elementor-widget thim-ekits-heading elementor-widget-thim-heading\" data-id=\"649787d\" data-element_type=\"widget\" data-widget_type=\"thim-heading.default\">\n\t\t\t\t<div class=\"elementor-widget-container\">\n\t\t\t<div class=\"sc_heading \"><div class=\"sub-heading\"><p>Die Sch\u00fclerInnen sollen ab Klasse 7 an weiterf\u00fchrenden Ensembles der Gemeinschaftsschule (etwa einer \u201eBigband\") teilnehmen und so<br \/>\nihre Spielf\u00e4higkeit und -freude weiter entwickeln. Die Ausbildung in der Bl\u00e4serklasse bietet auch die M\u00f6glichkeit, in einer der zahlreichen Musikgruppen der Gemeinde Burbach<br \/>\nmitzuwirken.<br \/>\nAuch die \u00f6rtliche Musikschule bietet nat\u00fcrlich weiterf\u00fchrenden<br \/>\nInstrumentalunterricht an.<\/p>\n<\/div><h3 class=\"title\"><\/h3><\/div>\t\t<\/div>\n\t\t\t\t<\/div>\n\t\t\t\t\t<\/div>\n\t\t<\/div>\n\t\t\t\t<div class=\"elementor-column elementor-col-50 elementor-top-column elementor-element elementor-element-a96c061\" data-id=\"a96c061\" data-element_type=\"column\">\n\t\t\t<div class=\"elementor-widget-wrap elementor-element-populated\">\n\t\t\t\t\t\t\t\t<div class=\"elementor-element elementor-element-d1eac8a elementor-widget elementor-widget-image\" data-id=\"d1eac8a\" data-element_type=\"widget\" data-widget_type=\"image.default\">\n\t\t\t\t<div class=\"elementor-widget-container\">\n\t\t\t\t\t\t\t\t\t\t\t\t\t\t\t<img width=\"1200\" height=\"900\" src=\"https:\/\/test.loris.tv\/gms\/wp-content\/uploads\/2023\/11\/GMS_Blaeserklasse-6.jpg\" class=\"attachment-full size-full\" alt=\"\" loading=\"lazy\" srcset=\"https:\/\/test.loris.tv\/gms\/wp-content\/uploads\/2023\/11\/GMS_Blaeserklasse-6.jpg 1200w, https:\/\/test.loris.tv\/gms\/wp-content\/uploads\/2023\/11\/GMS_Blaeserklasse-6-300x225.jpg 300w, https:\/\/test.loris.tv\/gms\/wp-content\/uploads\/2023\/11\/GMS_Blaeserklasse-6-1024x768.jpg 1024w, https:\/\/test.loris.tv\/gms\/wp-content\/uploads\/2023\/11\/GMS_Blaeserklasse-6-768x576.jpg 768w\" sizes=\"(max-width: 1200px) 100vw, 1200px\" \/>\t\t\t\t\t\t\t\t\t\t\t\t\t\t\t<\/div>\n\t\t\t\t<\/div>\n\t\t\t\t\t<\/div>\n\t\t<\/div>\n\t\t\t\t\t\t\t<\/div>\n\t\t<\/section>\n\t\t\t\t\t\t\t<\/div>\n\t\t","protected":false},"excerpt":{"rendered":"<p>Bl\u00e4serklasse Was ist eine Bl\u00e4serklasse In einer Bl\u00e4serklasse erlernt jede Sch\u00fclerin und jeder Sch\u00fcler im Musikunterricht ein klassisches Blasinstrument: Querfl\u00f6te Klarinette Saxophon Trompete Posaune Euphonium Tuba Das Konzept erstreckt sich \u00fcber zwei Schuljahre. Welche Voraussetzungen gibt es? Musikalische Vorkenntnisse sind &hellip; <\/p>\n","protected":false},"author":1,"featured_media":0,"parent":10632,"menu_order":90,"comment_status":"closed","ping_status":"closed","template":"elementor_header_footer","meta":[],"_links":{"self":[{"href":"https:\/\/test.loris.tv\/gms\/wp-json\/wp\/v2\/pages\/10812"}],"collection":[{"href":"https:\/\/test.loris.tv\/gms\/wp-json\/wp\/v2\/pages"}],"about":[{"href":"https:\/\/test.loris.tv\/gms\/wp-json\/wp\/v2\/types\/page"}],"author":[{"embeddable":true,"href":"https:\/\/test.loris.tv\/gms\/wp-json\/wp\/v2\/users\/1"}],"replies":[{"embeddable":true,"href":"https:\/\/test.loris.tv\/gms\/wp-json\/wp\/v2\/comments?post=10812"}],"version-history":[{"count":35,"href":"https:\/\/test.loris.tv\/gms\/wp-json\/wp\/v2\/pages\/10812\/revisions"}],"predecessor-version":[{"id":11646,"href":"https:\/\/test.loris.tv\/gms\/wp-json\/wp\/v2\/pages\/10812\/revisions\/11646"}],"up":[{"embeddable":true,"href":"https:\/\/test.loris.tv\/gms\/wp-json\/wp\/v2\/pages\/10632"}],"wp:attachment":[{"href":"https:\/\/test.loris.tv\/gms\/wp-json\/wp\/v2\/media?parent=10812"}],"curies":[{"name":"wp","href":"https:\/\/api.w.org\/{rel}","templated":true}]}}