

{"id":10629,"date":"2023-04-24T10:26:28","date_gmt":"2023-04-24T08:26:28","guid":{"rendered":"https:\/\/test.loris.tv\/gms\/?page_id=10629"},"modified":"2023-11-13T13:27:48","modified_gmt":"2023-11-13T12:27:48","slug":"berufswahlvorbereitung","status":"publish","type":"page","link":"https:\/\/test.loris.tv\/gms\/beruf-und-zukunft\/berufswahlvorbereitung\/","title":{"rendered":"Berufswahlvorbereitung"},"content":{"rendered":"\t\t<div data-elementor-type=\"wp-page\" data-elementor-id=\"10629\" class=\"elementor elementor-10629\">\n\t\t\t\t\t\t\t\t\t<section class=\"elementor-section elementor-top-section elementor-element elementor-element-eb64ad6 elementor-section-stretched elementor-section-boxed elementor-section-height-default elementor-section-height-default\" data-id=\"eb64ad6\" data-element_type=\"section\" data-settings=\"{&quot;stretch_section&quot;:&quot;section-stretched&quot;}\">\n\t\t\t\t\t\t<div class=\"elementor-container elementor-column-gap-custom\">\n\t\t\t\t\t<div class=\"elementor-column elementor-col-50 elementor-top-column elementor-element elementor-element-667527b\" data-id=\"667527b\" data-element_type=\"column\">\n\t\t\t<div class=\"elementor-widget-wrap elementor-element-populated\">\n\t\t\t\t\t\t\t\t<div class=\"elementor-element elementor-element-00fcffa elementor-widget__width-initial elementor-widget thim-ekits-heading elementor-widget-thim-heading\" data-id=\"00fcffa\" data-element_type=\"widget\" data-widget_type=\"thim-heading.default\">\n\t\t\t\t<div class=\"elementor-widget-container\">\n\t\t\t<div class=\"sc_heading \"><h3 class=\"title\">Berufswahlvorbereitung<\/h3><\/div>\t\t<\/div>\n\t\t\t\t<\/div>\n\t\t\t\t<div class=\"elementor-element elementor-element-b921a38 elementor-widget thim-ekits-heading elementor-widget-thim-heading\" data-id=\"b921a38\" data-element_type=\"widget\" data-widget_type=\"thim-heading.default\">\n\t\t\t\t<div class=\"elementor-widget-container\">\n\t\t\t<div class=\"sc_heading \"><h3 class=\"title\"><\/h3><div class=\"sub-heading\"><p>Unser Ziel ist es, dass jede Sch\u00fclerin und jeder Sch\u00fcler den f\u00fcr sich passenden Schulabschluss und daran anschlie\u00dfend einen passenden Anschluss in Ausbildung, Schule oder anderen Angeboten, wie zum Beispiel FSJ findet.<\/p>\n<p>Dabei unterst\u00fctzt dich neben deinen Lehrerinnen und Lehrern auch wir, das Team der StuBos (Berufswahlkoordinatoren).<\/p>\n<p>Mit deinen Fragen rund um das Thema Berufswahl kannst Du zum Beispiel zu uns in die Sprechstunden ins Berufsorientierungsb\u00fcro (BOB) kommen.<\/p>\n<p>Die Beratungsstunden, Termine und weitere wichtige Infos zum Thema Berufsberatung findest du auf unseren Aush\u00e4ngen oder auf der Homepage unserer Schule.<\/p>\n<p>Dein StuBo-Team<\/p>\n<\/div><\/div>\t\t<\/div>\n\t\t\t\t<\/div>\n\t\t\t\t<div class=\"elementor-element elementor-element-84f8f81 elementor-widget-divider--view-line elementor-widget elementor-widget-divider\" data-id=\"84f8f81\" data-element_type=\"widget\" data-widget_type=\"divider.default\">\n\t\t\t\t<div class=\"elementor-widget-container\">\n\t\t\t<style>\/*! elementor - v3.6.6 - 08-06-2022 *\/\n.elementor-widget-divider{--divider-border-style:none;--divider-border-width:1px;--divider-color:#2c2c2c;--divider-icon-size:20px;--divider-element-spacing:10px;--divider-pattern-height:24px;--divider-pattern-size:20px;--divider-pattern-url:none;--divider-pattern-repeat:repeat-x}.elementor-widget-divider .elementor-divider{display:-webkit-box;display:-ms-flexbox;display:flex}.elementor-widget-divider .elementor-divider__text{font-size:15px;line-height:1;max-width:95%}.elementor-widget-divider .elementor-divider__element{margin:0 var(--divider-element-spacing);-ms-flex-negative:0;flex-shrink:0}.elementor-widget-divider .elementor-icon{font-size:var(--divider-icon-size)}.elementor-widget-divider .elementor-divider-separator{display:-webkit-box;display:-ms-flexbox;display:flex;margin:0;direction:ltr}.elementor-widget-divider--view-line_icon .elementor-divider-separator,.elementor-widget-divider--view-line_text .elementor-divider-separator{-webkit-box-align:center;-ms-flex-align:center;align-items:center}.elementor-widget-divider--view-line_icon .elementor-divider-separator:after,.elementor-widget-divider--view-line_icon .elementor-divider-separator:before,.elementor-widget-divider--view-line_text .elementor-divider-separator:after,.elementor-widget-divider--view-line_text .elementor-divider-separator:before{display:block;content:\"\";border-bottom:0;-webkit-box-flex:1;-ms-flex-positive:1;flex-grow:1;border-top:var(--divider-border-width) var(--divider-border-style) var(--divider-color)}.elementor-widget-divider--element-align-left .elementor-divider .elementor-divider-separator>.elementor-divider__svg:first-of-type{-webkit-box-flex:0;-ms-flex-positive:0;flex-grow:0;-ms-flex-negative:100;flex-shrink:100}.elementor-widget-divider--element-align-left .elementor-divider-separator:before{content:none}.elementor-widget-divider--element-align-left .elementor-divider__element{margin-left:0}.elementor-widget-divider--element-align-right .elementor-divider .elementor-divider-separator>.elementor-divider__svg:last-of-type{-webkit-box-flex:0;-ms-flex-positive:0;flex-grow:0;-ms-flex-negative:100;flex-shrink:100}.elementor-widget-divider--element-align-right .elementor-divider-separator:after{content:none}.elementor-widget-divider--element-align-right .elementor-divider__element{margin-right:0}.elementor-widget-divider:not(.elementor-widget-divider--view-line_text):not(.elementor-widget-divider--view-line_icon) .elementor-divider-separator{border-top:var(--divider-border-width) var(--divider-border-style) var(--divider-color)}.elementor-widget-divider--separator-type-pattern{--divider-border-style:none}.elementor-widget-divider--separator-type-pattern.elementor-widget-divider--view-line .elementor-divider-separator,.elementor-widget-divider--separator-type-pattern:not(.elementor-widget-divider--view-line) .elementor-divider-separator:after,.elementor-widget-divider--separator-type-pattern:not(.elementor-widget-divider--view-line) .elementor-divider-separator:before,.elementor-widget-divider--separator-type-pattern:not([class*=elementor-widget-divider--view]) .elementor-divider-separator{width:100%;min-height:var(--divider-pattern-height);-webkit-mask-size:var(--divider-pattern-size) 100%;mask-size:var(--divider-pattern-size) 100%;-webkit-mask-repeat:var(--divider-pattern-repeat);mask-repeat:var(--divider-pattern-repeat);background-color:var(--divider-color);-webkit-mask-image:var(--divider-pattern-url);mask-image:var(--divider-pattern-url)}.elementor-widget-divider--no-spacing{--divider-pattern-size:auto}.elementor-widget-divider--bg-round{--divider-pattern-repeat:round}.rtl .elementor-widget-divider .elementor-divider__text{direction:rtl}<\/style>\t\t<div class=\"elementor-divider\">\n\t\t\t<span class=\"elementor-divider-separator\">\n\t\t\t\t\t\t<\/span>\n\t\t<\/div>\n\t\t\t\t<\/div>\n\t\t\t\t<\/div>\n\t\t\t\t<div class=\"elementor-element elementor-element-295aadd elementor-widget thim-ekits-heading elementor-widget-thim-heading\" data-id=\"295aadd\" data-element_type=\"widget\" data-widget_type=\"thim-heading.default\">\n\t\t\t\t<div class=\"elementor-widget-container\">\n\t\t\t<div class=\"sc_heading \"><h6 class=\"title\">Eduma College<\/h6><div class=\"sub-heading\"><p>All undergraduates attend Eduma College, an intimate learning environment offering instruction in the liberal arts and sciences.<\/p>\n<\/div><\/div>\t\t<\/div>\n\t\t\t\t<\/div>\n\t\t\t\t<div class=\"elementor-element elementor-element-af3d791 elementor-widget elementor-widget-image\" data-id=\"af3d791\" data-element_type=\"widget\" data-widget_type=\"image.default\">\n\t\t\t\t<div class=\"elementor-widget-container\">\n\t\t\t<style>\/*! elementor - v3.6.6 - 08-06-2022 *\/\n.elementor-widget-image{text-align:center}.elementor-widget-image a{display:inline-block}.elementor-widget-image a img[src$=\".svg\"]{width:48px}.elementor-widget-image img{vertical-align:middle;display:inline-block}<\/style>\t\t\t\t\t\t\t\t\t\t\t\t<img width=\"1920\" height=\"652\" src=\"https:\/\/test.loris.tv\/gms\/wp-content\/uploads\/2022\/12\/banner-home-v3-new-1.jpg\" class=\"attachment-full size-full\" alt=\"\" loading=\"lazy\" srcset=\"https:\/\/test.loris.tv\/gms\/wp-content\/uploads\/2022\/12\/banner-home-v3-new-1.jpg 1920w, https:\/\/test.loris.tv\/gms\/wp-content\/uploads\/2022\/12\/banner-home-v3-new-1-600x204.jpg 600w, https:\/\/test.loris.tv\/gms\/wp-content\/uploads\/2022\/12\/banner-home-v3-new-1-300x102.jpg 300w, https:\/\/test.loris.tv\/gms\/wp-content\/uploads\/2022\/12\/banner-home-v3-new-1-1024x348.jpg 1024w, https:\/\/test.loris.tv\/gms\/wp-content\/uploads\/2022\/12\/banner-home-v3-new-1-768x261.jpg 768w, https:\/\/test.loris.tv\/gms\/wp-content\/uploads\/2022\/12\/banner-home-v3-new-1-1536x522.jpg 1536w\" sizes=\"(max-width: 1920px) 100vw, 1920px\" \/>\t\t\t\t\t\t\t\t\t\t\t\t\t\t\t<\/div>\n\t\t\t\t<\/div>\n\t\t\t\t<div class=\"elementor-element elementor-element-7792682 elementor-widget thim-widget-button\" data-id=\"7792682\" data-element_type=\"widget\" data-widget_type=\"thim-button.default\">\n\t\t\t\t<div class=\"elementor-widget-container\">\n\t\t\t<a class=\"widget-button normal position-after\" href=\"#\" target=\"_blank\" rel=\"nofollow\">Eduma COLLEGE WEBSITE<i aria-hidden=\"true\" class=\"tk tk-angle-right\"><\/i><\/a>\t\t<\/div>\n\t\t\t\t<\/div>\n\t\t\t\t<div class=\"elementor-element elementor-element-4d81ce1 elementor-widget-divider--view-line elementor-widget elementor-widget-divider\" data-id=\"4d81ce1\" data-element_type=\"widget\" data-widget_type=\"divider.default\">\n\t\t\t\t<div class=\"elementor-widget-container\">\n\t\t\t\t\t<div class=\"elementor-divider\">\n\t\t\t<span class=\"elementor-divider-separator\">\n\t\t\t\t\t\t<\/span>\n\t\t<\/div>\n\t\t\t\t<\/div>\n\t\t\t\t<\/div>\n\t\t\t\t<div class=\"elementor-element elementor-element-a421267 elementor-widget thim-ekits-heading elementor-widget-thim-heading\" data-id=\"a421267\" data-element_type=\"widget\" data-widget_type=\"thim-heading.default\">\n\t\t\t\t<div class=\"elementor-widget-container\">\n\t\t\t<div class=\"sc_heading \"><h6 class=\"title\">Programs of Study<\/h6><div class=\"sub-heading\"><p>Browse available majors, academic requirements, and other key info about our undergraduate curriculum.<\/p>\n<\/div><\/div>\t\t<\/div>\n\t\t\t\t<\/div>\n\t\t\t\t<div class=\"elementor-element elementor-element-9e962b2 elementor-widget thim-widget-button\" data-id=\"9e962b2\" data-element_type=\"widget\" data-widget_type=\"thim-button.default\">\n\t\t\t\t<div class=\"elementor-widget-container\">\n\t\t\t<a class=\"widget-button normal position-after\" href=\"#\" target=\"_blank\" rel=\"nofollow\">Eduma COLLEGE WEBSITE<i aria-hidden=\"true\" class=\"tk tk-angle-right\"><\/i><\/a>\t\t<\/div>\n\t\t\t\t<\/div>\n\t\t\t\t<div class=\"elementor-element elementor-element-93cc131 elementor-widget-divider--view-line elementor-widget elementor-widget-divider\" data-id=\"93cc131\" data-element_type=\"widget\" data-widget_type=\"divider.default\">\n\t\t\t\t<div class=\"elementor-widget-container\">\n\t\t\t\t\t<div class=\"elementor-divider\">\n\t\t\t<span class=\"elementor-divider-separator\">\n\t\t\t\t\t\t<\/span>\n\t\t<\/div>\n\t\t\t\t<\/div>\n\t\t\t\t<\/div>\n\t\t\t\t<div class=\"elementor-element elementor-element-e3405d2 elementor-widget thim-ekits-heading elementor-widget-thim-heading\" data-id=\"e3405d2\" data-element_type=\"widget\" data-widget_type=\"thim-heading.default\">\n\t\t\t\t<div class=\"elementor-widget-container\">\n\t\t\t<div class=\"sc_heading \"><h6 class=\"title\">Undergraduate Research<\/h6><div class=\"sub-heading\"><p>Browse available majors, academic requirements, and other key info about our undergraduate curriculum.<\/p>\n<\/div><\/div>\t\t<\/div>\n\t\t\t\t<\/div>\n\t\t\t\t<div class=\"elementor-element elementor-element-4b97731 elementor-widget thim-widget-button\" data-id=\"4b97731\" data-element_type=\"widget\" data-widget_type=\"thim-button.default\">\n\t\t\t\t<div class=\"elementor-widget-container\">\n\t\t\t<a class=\"widget-button normal position-after\" href=\"#\" target=\"_blank\" rel=\"nofollow\">UNDERGRADUATE RESEARCH<i aria-hidden=\"true\" class=\"tk tk-angle-right\"><\/i><\/a>\t\t<\/div>\n\t\t\t\t<\/div>\n\t\t\t\t<div class=\"elementor-element elementor-element-578edc7 elementor-widget-divider--view-line elementor-widget elementor-widget-divider\" data-id=\"578edc7\" data-element_type=\"widget\" data-widget_type=\"divider.default\">\n\t\t\t\t<div class=\"elementor-widget-container\">\n\t\t\t\t\t<div class=\"elementor-divider\">\n\t\t\t<span class=\"elementor-divider-separator\">\n\t\t\t\t\t\t<\/span>\n\t\t<\/div>\n\t\t\t\t<\/div>\n\t\t\t\t<\/div>\n\t\t\t\t<div class=\"elementor-element elementor-element-73afb2b elementor-widget thim-ekits-heading elementor-widget-thim-heading\" data-id=\"73afb2b\" data-element_type=\"widget\" data-widget_type=\"thim-heading.default\">\n\t\t\t\t<div class=\"elementor-widget-container\">\n\t\t\t<div class=\"sc_heading \"><h6 class=\"title\">International Experiences<\/h6><div class=\"sub-heading\"><p>Browse available majors, academic requirements, and other key info about our undergraduate curriculum.<\/p>\n<\/div><\/div>\t\t<\/div>\n\t\t\t\t<\/div>\n\t\t\t\t<div class=\"elementor-element elementor-element-dba6808 elementor-widget thim-widget-button\" data-id=\"dba6808\" data-element_type=\"widget\" data-widget_type=\"thim-button.default\">\n\t\t\t\t<div class=\"elementor-widget-container\">\n\t\t\t<a class=\"widget-button normal position-after\" href=\"#\" target=\"_blank\" rel=\"nofollow\">INTERNATIONAL EXPERIENCES<i aria-hidden=\"true\" class=\"tk tk-angle-right\"><\/i><\/a>\t\t<\/div>\n\t\t\t\t<\/div>\n\t\t\t\t\t<\/div>\n\t\t<\/div>\n\t\t\t\t<div class=\"elementor-column elementor-col-50 elementor-top-column elementor-element elementor-element-1e40a18\" data-id=\"1e40a18\" data-element_type=\"column\">\n\t\t\t<div class=\"elementor-widget-wrap elementor-element-populated\">\n\t\t\t\t\t\t\t\t<div class=\"elementor-element elementor-element-830efab elementor-widget elementor-widget-thim-ekits-header-info\" data-id=\"830efab\" data-element_type=\"widget\" data-widget_type=\"thim-ekits-header-info.default\">\n\t\t\t\t<div class=\"elementor-widget-container\">\n\t\t\t\t\t<div class=\"header-info-swapper\">\r\n\t\t\t<ul class=\"thim-header-info\">\r\n\t\t\t\t\t\t\t\t\t\t<li>\r\n\t\t\t\t\t\t\t\t\t\t\t\t\t\t\t<a href=\"https:\/\/test.loris.tv\/gms\/berufswahlvorbereitung\/konzept\/\" rel=\"nofollow\">\r\n\t\t\t\t\t\t\t\t\t\t\t\t\t\t\t\t\t\t\t\t\t\tKonzept\t\t\t\t\t\t\t\t\t\t\t\t\t\t\t<\/a>\r\n\t\t\t\t\t\t\t\t\t\t\t\t\t<\/li>\r\n\t\t\t\t\t\t\t\t\t<\/ul>\r\n\t\t<\/div>\r\n\t\t\t\t<\/div>\n\t\t\t\t<\/div>\n\t\t\t\t<div class=\"elementor-element elementor-element-a656453 elementor-widget elementor-widget-thim-ekits-header-info\" data-id=\"a656453\" data-element_type=\"widget\" data-widget_type=\"thim-ekits-header-info.default\">\n\t\t\t\t<div class=\"elementor-widget-container\">\n\t\t\t\t\t<div class=\"header-info-swapper\">\r\n\t\t\t<ul class=\"thim-header-info\">\r\n\t\t\t\t\t\t\t\t\t\t<li>\r\n\t\t\t\t\t\t\t\t\t\t\t\t\t\t\t<a href=\"https:\/\/test.loris.tv\/gms\/academics-detail\/\" target=\"_blank\" rel=\"nofollow\">\r\n\t\t\t\t\t\t\t\t\t\t\t\t\t\t\t\t\t\t\t\t\t\tTermine\t\t\t\t\t\t\t\t\t\t\t\t\t\t\t<\/a>\r\n\t\t\t\t\t\t\t\t\t\t\t\t\t<\/li>\r\n\t\t\t\t\t\t\t\t\t<\/ul>\r\n\t\t<\/div>\r\n\t\t\t\t<\/div>\n\t\t\t\t<\/div>\n\t\t\t\t<div class=\"elementor-element elementor-element-d8c6fb9 elementor-widget elementor-widget-thim-ekits-header-info\" data-id=\"d8c6fb9\" data-element_type=\"widget\" data-widget_type=\"thim-ekits-header-info.default\">\n\t\t\t\t<div class=\"elementor-widget-container\">\n\t\t\t\t\t<div class=\"header-info-swapper\">\r\n\t\t\t<ul class=\"thim-header-info\">\r\n\t\t\t\t\t\t\t\t\t\t<li>\r\n\t\t\t\t\t\t\t\t\t\t\t\t\t\t\t<a href=\"https:\/\/test.loris.tv\/gms\/academics-detail\/\" target=\"_blank\" rel=\"nofollow\">\r\n\t\t\t\t\t\t\t\t\t\t\t\t\t\t\t\t\t\t\t\t\t\tBeratung\t\t\t\t\t\t\t\t\t\t\t\t\t\t\t<\/a>\r\n\t\t\t\t\t\t\t\t\t\t\t\t\t<\/li>\r\n\t\t\t\t\t\t\t\t\t<\/ul>\r\n\t\t<\/div>\r\n\t\t\t\t<\/div>\n\t\t\t\t<\/div>\n\t\t\t\t<div class=\"elementor-element elementor-element-78b0e1c elementor-widget elementor-widget-thim-ekits-header-info\" data-id=\"78b0e1c\" data-element_type=\"widget\" data-widget_type=\"thim-ekits-header-info.default\">\n\t\t\t\t<div class=\"elementor-widget-container\">\n\t\t\t\t\t<div class=\"header-info-swapper\">\r\n\t\t\t<ul class=\"thim-header-info\">\r\n\t\t\t\t\t\t\t\t\t\t<li>\r\n\t\t\t\t\t\t\t\t\t\t\t\t\t\t\t<a href=\"https:\/\/test.loris.tv\/gms\/academics-detail\/\" target=\"_blank\" rel=\"nofollow\">\r\n\t\t\t\t\t\t\t\t\t\t\t\t\t\t\t\t\t\t\t\t\t\tFahrplan zur Berufsvorbereitung\t\t\t\t\t\t\t\t\t\t\t\t\t\t\t<\/a>\r\n\t\t\t\t\t\t\t\t\t\t\t\t\t<\/li>\r\n\t\t\t\t\t\t\t\t\t<\/ul>\r\n\t\t<\/div>\r\n\t\t\t\t<\/div>\n\t\t\t\t<\/div>\n\t\t\t\t<div class=\"elementor-element elementor-element-b2cdaa8 elementor-widget elementor-widget-thim-ekits-header-info\" data-id=\"b2cdaa8\" data-element_type=\"widget\" data-widget_type=\"thim-ekits-header-info.default\">\n\t\t\t\t<div class=\"elementor-widget-container\">\n\t\t\t\t\t<div class=\"header-info-swapper\">\r\n\t\t\t<ul class=\"thim-header-info\">\r\n\t\t\t\t\t\t\t\t\t\t<li>\r\n\t\t\t\t\t\t\t\t\t\t\t\t\t\t\t<a href=\"https:\/\/test.loris.tv\/gms\/academics-detail\/\" target=\"_blank\" rel=\"nofollow\">\r\n\t\t\t\t\t\t\t\t\t\t\t\t\t\t\t\t\t\t\t\t\t\tKein Abschluss ohne Anschluss\t\t\t\t\t\t\t\t\t\t\t\t\t\t\t<\/a>\r\n\t\t\t\t\t\t\t\t\t\t\t\t\t<\/li>\r\n\t\t\t\t\t\t\t\t\t<\/ul>\r\n\t\t<\/div>\r\n\t\t\t\t<\/div>\n\t\t\t\t<\/div>\n\t\t\t\t<div class=\"elementor-element elementor-element-df1fb4d elementor-widget elementor-widget-thim-ekits-header-info\" data-id=\"df1fb4d\" data-element_type=\"widget\" data-widget_type=\"thim-ekits-header-info.default\">\n\t\t\t\t<div class=\"elementor-widget-container\">\n\t\t\t\t\t<div class=\"header-info-swapper\">\r\n\t\t\t<ul class=\"thim-header-info\">\r\n\t\t\t\t\t\t\t\t\t\t<li>\r\n\t\t\t\t\t\t\t\t\t\t\t\t\t\t\t<a href=\"https:\/\/test.loris.tv\/gms\/academics-detail\/\" target=\"_blank\" rel=\"nofollow\">\r\n\t\t\t\t\t\t\t\t\t\t\t\t\t\t\t\t\t\t\t\t\t\tBerufswahlkoordinatoren*innen\t\t\t\t\t\t\t\t\t\t\t\t\t\t\t<\/a>\r\n\t\t\t\t\t\t\t\t\t\t\t\t\t<\/li>\r\n\t\t\t\t\t\t\t\t\t<\/ul>\r\n\t\t<\/div>\r\n\t\t\t\t<\/div>\n\t\t\t\t<\/div>\n\t\t\t\t<div class=\"elementor-element elementor-element-9814ac4 elementor-widget elementor-widget-thim-ekits-header-info\" data-id=\"9814ac4\" data-element_type=\"widget\" data-widget_type=\"thim-ekits-header-info.default\">\n\t\t\t\t<div class=\"elementor-widget-container\">\n\t\t\t\t\t<div class=\"header-info-swapper\">\r\n\t\t\t<ul class=\"thim-header-info\">\r\n\t\t\t\t\t\t\t\t\t\t<li>\r\n\t\t\t\t\t\t\t\t\t\t\t\t\t\t\t<a href=\"https:\/\/test.loris.tv\/gms\/academics-detail\/\" target=\"_blank\" rel=\"nofollow\">\r\n\t\t\t\t\t\t\t\t\t\t\t\t\t\t\t\t\t\t\t\t\t\tBerufsorientierungsb\u00fcro - BOB\t\t\t\t\t\t\t\t\t\t\t\t\t\t\t<\/a>\r\n\t\t\t\t\t\t\t\t\t\t\t\t\t<\/li>\r\n\t\t\t\t\t\t\t\t\t<\/ul>\r\n\t\t<\/div>\r\n\t\t\t\t<\/div>\n\t\t\t\t<\/div>\n\t\t\t\t<div class=\"elementor-element elementor-element-7943e61 elementor-widget elementor-widget-thim-ekits-header-info\" data-id=\"7943e61\" data-element_type=\"widget\" data-widget_type=\"thim-ekits-header-info.default\">\n\t\t\t\t<div class=\"elementor-widget-container\">\n\t\t\t\t\t<div class=\"header-info-swapper\">\r\n\t\t\t<ul class=\"thim-header-info\">\r\n\t\t\t\t\t\t\t\t\t\t<li>\r\n\t\t\t\t\t\t\t\t\t\t\t\t\t\t\t<a href=\"https:\/\/test.loris.tv\/gms\/academics-detail\/\" target=\"_blank\" rel=\"nofollow\">\r\n\t\t\t\t\t\t\t\t\t\t\t\t\t\t\t\t\t\t\t\t\t\tBerufsorientierungsb\u00fcro - BOB\t\t\t\t\t\t\t\t\t\t\t\t\t\t\t<\/a>\r\n\t\t\t\t\t\t\t\t\t\t\t\t\t<\/li>\r\n\t\t\t\t\t\t\t\t\t<\/ul>\r\n\t\t<\/div>\r\n\t\t\t\t<\/div>\n\t\t\t\t<\/div>\n\t\t\t\t\t<\/div>\n\t\t<\/div>\n\t\t\t\t\t\t\t<\/div>\n\t\t<\/section>\n\t\t\t\t\t\t\t<\/div>\n\t\t","protected":false},"excerpt":{"rendered":"<p>Berufswahlvorbereitung Unser Ziel ist es, dass jede Sch\u00fclerin und jeder Sch\u00fcler den f\u00fcr sich passenden Schulabschluss und daran anschlie\u00dfend einen passenden Anschluss in Ausbildung, Schule oder anderen Angeboten, wie zum Beispiel FSJ findet. Dabei unterst\u00fctzt dich neben deinen Lehrerinnen und &hellip; <\/p>\n","protected":false},"author":1,"featured_media":0,"parent":11759,"menu_order":10,"comment_status":"closed","ping_status":"closed","template":"","meta":[],"_links":{"self":[{"href":"https:\/\/test.loris.tv\/gms\/wp-json\/wp\/v2\/pages\/10629"}],"collection":[{"href":"https:\/\/test.loris.tv\/gms\/wp-json\/wp\/v2\/pages"}],"about":[{"href":"https:\/\/test.loris.tv\/gms\/wp-json\/wp\/v2\/types\/page"}],"author":[{"embeddable":true,"href":"https:\/\/test.loris.tv\/gms\/wp-json\/wp\/v2\/users\/1"}],"replies":[{"embeddable":true,"href":"https:\/\/test.loris.tv\/gms\/wp-json\/wp\/v2\/comments?post=10629"}],"version-history":[{"count":22,"href":"https:\/\/test.loris.tv\/gms\/wp-json\/wp\/v2\/pages\/10629\/revisions"}],"predecessor-version":[{"id":11427,"href":"https:\/\/test.loris.tv\/gms\/wp-json\/wp\/v2\/pages\/10629\/revisions\/11427"}],"up":[{"embeddable":true,"href":"https:\/\/test.loris.tv\/gms\/wp-json\/wp\/v2\/pages\/11759"}],"wp:attachment":[{"href":"https:\/\/test.loris.tv\/gms\/wp-json\/wp\/v2\/media?parent=10629"}],"curies":[{"name":"wp","href":"https:\/\/api.w.org\/{rel}","templated":true}]}}