

{"id":10612,"date":"2023-04-24T10:21:20","date_gmt":"2023-04-24T08:21:20","guid":{"rendered":"https:\/\/test.loris.tv\/gms\/?page_id=10612"},"modified":"2023-11-10T09:15:27","modified_gmt":"2023-11-10T08:15:27","slug":"schuelervertretung","status":"publish","type":"page","link":"https:\/\/test.loris.tv\/gms\/schuelervertretung\/","title":{"rendered":"Sch\u00fclervertretung"},"content":{"rendered":"\t\t<div data-elementor-type=\"wp-page\" data-elementor-id=\"10612\" class=\"elementor elementor-10612\">\n\t\t\t\t\t\t\t\t\t<section class=\"elementor-section elementor-top-section elementor-element elementor-element-52c5548 elementor-section-boxed elementor-section-height-default elementor-section-height-default\" data-id=\"52c5548\" data-element_type=\"section\">\n\t\t\t\t\t\t<div class=\"elementor-container elementor-column-gap-default\">\n\t\t\t\t\t<div class=\"elementor-column elementor-col-100 elementor-top-column elementor-element elementor-element-3463a2f\" data-id=\"3463a2f\" data-element_type=\"column\">\n\t\t\t<div class=\"elementor-widget-wrap elementor-element-populated\">\n\t\t\t\t\t\t\t\t<div class=\"elementor-element elementor-element-a6f521e elementor-widget elementor-widget-text-editor\" data-id=\"a6f521e\" data-element_type=\"widget\" data-widget_type=\"text-editor.default\">\n\t\t\t\t<div class=\"elementor-widget-container\">\n\t\t\t<style>\/*! elementor - v3.6.6 - 08-06-2022 *\/\n.elementor-widget-text-editor.elementor-drop-cap-view-stacked .elementor-drop-cap{background-color:#818a91;color:#fff}.elementor-widget-text-editor.elementor-drop-cap-view-framed .elementor-drop-cap{color:#818a91;border:3px solid;background-color:transparent}.elementor-widget-text-editor:not(.elementor-drop-cap-view-default) .elementor-drop-cap{margin-top:8px}.elementor-widget-text-editor:not(.elementor-drop-cap-view-default) .elementor-drop-cap-letter{width:1em;height:1em}.elementor-widget-text-editor .elementor-drop-cap{float:left;text-align:center;line-height:1;font-size:50px}.elementor-widget-text-editor .elementor-drop-cap-letter{display:inline-block}<\/style>\t\t\t\t<p>Die Sch\u00fclervertretung ist euer wichtigstes Instrument. Damit k\u00f6nnt ihr eure Schule mitbestimmen und eure Meinung, eure Gestaltungsvorschl\u00e4ge, eurer Feedback und alles, was euch besch\u00e4ftigt einbringen, sodass die GMS zu der Schule wird, an der ihr euch wohl f\u00fchlt.<span class=\"Apple-converted-space\">\u00a0<\/span><\/p><p>Die Sch\u00fclervertretung wird von der Schulgemeinschaft gew\u00e4hlt und trifft sich in regelm\u00e4\u00dfigen Abst\u00e4nden, um sich auszutauschen. Dabei wird sie von den SV-Lehrerinnen und -lehrern unterst\u00fctzt.<span class=\"Apple-converted-space\">\u00a0<\/span><\/p>\t\t\t\t\t\t<\/div>\n\t\t\t\t<\/div>\n\t\t\t\t\t<\/div>\n\t\t<\/div>\n\t\t\t\t\t\t\t<\/div>\n\t\t<\/section>\n\t\t\t\t<section class=\"elementor-section elementor-top-section elementor-element elementor-element-2d191ab elementor-section-boxed elementor-section-height-default elementor-section-height-default\" data-id=\"2d191ab\" data-element_type=\"section\">\n\t\t\t\t\t\t<div class=\"elementor-container elementor-column-gap-default\">\n\t\t\t\t\t<div class=\"elementor-column elementor-col-50 elementor-top-column elementor-element elementor-element-a3cf7be\" data-id=\"a3cf7be\" data-element_type=\"column\">\n\t\t\t<div class=\"elementor-widget-wrap elementor-element-populated\">\n\t\t\t\t\t\t\t\t<div class=\"elementor-element elementor-element-204156c elementor-widget thim-ekits-heading elementor-widget-thim-heading\" data-id=\"204156c\" data-element_type=\"widget\" data-widget_type=\"thim-heading.default\">\n\t\t\t\t<div class=\"elementor-widget-container\">\n\t\t\t<div class=\"sc_heading \"><h3 class=\"title\"> <span class=\"thim-color\">Sch\u00fclervertretung Burbach<\/span><\/h3><span class=\"line\"><\/span><\/div>\t\t<\/div>\n\t\t\t\t<\/div>\n\t\t\t\t\t<\/div>\n\t\t<\/div>\n\t\t\t\t<div class=\"elementor-column elementor-col-50 elementor-top-column elementor-element elementor-element-b2bd265\" data-id=\"b2bd265\" data-element_type=\"column\">\n\t\t\t<div class=\"elementor-widget-wrap\">\n\t\t\t\t\t\t\t\t\t<\/div>\n\t\t<\/div>\n\t\t\t\t\t\t\t<\/div>\n\t\t<\/section>\n\t\t\t\t<section class=\"elementor-section elementor-top-section elementor-element elementor-element-bb29f37 elementor-section-boxed elementor-section-height-default elementor-section-height-default\" data-id=\"bb29f37\" data-element_type=\"section\">\n\t\t\t\t\t\t<div class=\"elementor-container elementor-column-gap-default\">\n\t\t\t\t\t<div class=\"elementor-column elementor-col-50 elementor-top-column elementor-element elementor-element-8a724cb\" data-id=\"8a724cb\" data-element_type=\"column\">\n\t\t\t<div class=\"elementor-widget-wrap elementor-element-populated\">\n\t\t\t\t\t\t\t\t<section class=\"elementor-section elementor-inner-section elementor-element elementor-element-53b0770 elementor-section-boxed elementor-section-height-default elementor-section-height-default\" data-id=\"53b0770\" data-element_type=\"section\">\n\t\t\t\t\t\t<div class=\"elementor-container elementor-column-gap-default\">\n\t\t\t\t\t<div class=\"elementor-column elementor-col-50 elementor-inner-column elementor-element elementor-element-92d49d9\" data-id=\"92d49d9\" data-element_type=\"column\">\n\t\t\t<div class=\"elementor-widget-wrap elementor-element-populated\">\n\t\t\t\t\t\t\t\t<div class=\"elementor-element elementor-element-a9730b7 elementor-widget elementor-widget-text-editor\" data-id=\"a9730b7\" data-element_type=\"widget\" data-widget_type=\"text-editor.default\">\n\t\t\t\t<div class=\"elementor-widget-container\">\n\t\t\t\t\t\t\t<p>Informationen folgen in K\u00fcrze.<\/p>\t\t\t\t\t\t<\/div>\n\t\t\t\t<\/div>\n\t\t\t\t\t<\/div>\n\t\t<\/div>\n\t\t\t\t<div class=\"elementor-column elementor-col-50 elementor-inner-column elementor-element elementor-element-8f7f03d\" data-id=\"8f7f03d\" data-element_type=\"column\">\n\t\t\t<div class=\"elementor-widget-wrap\">\n\t\t\t\t\t\t\t\t\t<\/div>\n\t\t<\/div>\n\t\t\t\t\t\t\t<\/div>\n\t\t<\/section>\n\t\t\t\t\t<\/div>\n\t\t<\/div>\n\t\t\t\t<div class=\"elementor-column elementor-col-50 elementor-top-column elementor-element elementor-element-1902bdd\" data-id=\"1902bdd\" data-element_type=\"column\">\n\t\t\t<div class=\"elementor-widget-wrap\">\n\t\t\t\t\t\t\t\t\t<\/div>\n\t\t<\/div>\n\t\t\t\t\t\t\t<\/div>\n\t\t<\/section>\n\t\t\t\t<section class=\"elementor-section elementor-top-section elementor-element elementor-element-d122d9a elementor-section-boxed elementor-section-height-default elementor-section-height-default\" data-id=\"d122d9a\" data-element_type=\"section\">\n\t\t\t\t\t\t<div class=\"elementor-container elementor-column-gap-default\">\n\t\t\t\t\t<div class=\"elementor-column elementor-col-100 elementor-top-column elementor-element elementor-element-531c883\" data-id=\"531c883\" data-element_type=\"column\">\n\t\t\t<div class=\"elementor-widget-wrap elementor-element-populated\">\n\t\t\t\t\t\t\t\t<div class=\"elementor-element elementor-element-7b6c8dd elementor-widget thim-ekits-heading elementor-widget-thim-heading\" data-id=\"7b6c8dd\" data-element_type=\"widget\" data-widget_type=\"thim-heading.default\">\n\t\t\t\t<div class=\"elementor-widget-container\">\n\t\t\t<div class=\"sc_heading \"><h3 class=\"title\"> <span class=\"thim-color\">Sch\u00fclervertretung Neunkirchen<\/span><\/h3><span class=\"line\"><\/span><\/div>\t\t<\/div>\n\t\t\t\t<\/div>\n\t\t\t\t<div class=\"elementor-element elementor-element-c48fbb6 elementor-widget elementor-widget-image\" data-id=\"c48fbb6\" data-element_type=\"widget\" data-widget_type=\"image.default\">\n\t\t\t\t<div class=\"elementor-widget-container\">\n\t\t\t<style>\/*! elementor - v3.6.6 - 08-06-2022 *\/\n.elementor-widget-image{text-align:center}.elementor-widget-image a{display:inline-block}.elementor-widget-image a img[src$=\".svg\"]{width:48px}.elementor-widget-image img{vertical-align:middle;display:inline-block}<\/style>\t\t\t\t\t\t\t\t\t\t\t\t\t<a href=\"https:\/\/test.loris.tv\/gms\/wp-content\/uploads\/2023\/11\/Schuelervertretung_Neunkirchen.jpg\" data-elementor-open-lightbox=\"yes\" data-elementor-lightbox-title=\"Sch\u00fclervertretung Neunkirchen\" e-action-hash=\"#elementor-action%3Aaction%3Dlightbox%26settings%3DeyJpZCI6MTE2MzIsInVybCI6Imh0dHBzOlwvXC90ZXN0LmxvcmlzLnR2XC9nbXNcL3dwLWNvbnRlbnRcL3VwbG9hZHNcLzIwMjNcLzExXC9TY2h1ZWxlcnZlcnRyZXR1bmdfTmV1bmtpcmNoZW4uanBnIn0%3D\">\n\t\t\t\t\t\t\t<img width=\"640\" height=\"426\" src=\"https:\/\/test.loris.tv\/gms\/wp-content\/uploads\/2023\/11\/Schuelervertretung_Neunkirchen-1024x682.jpg\" class=\"attachment-large size-large\" alt=\"\" loading=\"lazy\" srcset=\"https:\/\/test.loris.tv\/gms\/wp-content\/uploads\/2023\/11\/Schuelervertretung_Neunkirchen-1024x682.jpg 1024w, https:\/\/test.loris.tv\/gms\/wp-content\/uploads\/2023\/11\/Schuelervertretung_Neunkirchen-300x200.jpg 300w, https:\/\/test.loris.tv\/gms\/wp-content\/uploads\/2023\/11\/Schuelervertretung_Neunkirchen-768x512.jpg 768w, https:\/\/test.loris.tv\/gms\/wp-content\/uploads\/2023\/11\/Schuelervertretung_Neunkirchen-1536x1024.jpg 1536w, https:\/\/test.loris.tv\/gms\/wp-content\/uploads\/2023\/11\/Schuelervertretung_Neunkirchen.jpg 2000w\" sizes=\"(max-width: 640px) 100vw, 640px\" \/>\t\t\t\t\t\t\t\t<\/a>\n\t\t\t\t\t\t\t\t\t\t\t\t\t\t\t<\/div>\n\t\t\t\t<\/div>\n\t\t\t\t\t<\/div>\n\t\t<\/div>\n\t\t\t\t\t\t\t<\/div>\n\t\t<\/section>\n\t\t\t\t\t\t\t<\/div>\n\t\t","protected":false},"excerpt":{"rendered":"<p>Die Sch\u00fclervertretung ist euer wichtigstes Instrument. Damit k\u00f6nnt ihr eure Schule mitbestimmen und eure Meinung, eure Gestaltungsvorschl\u00e4ge, eurer Feedback und alles, was euch besch\u00e4ftigt einbringen, sodass die GMS zu der Schule wird, an der ihr euch wohl f\u00fchlt.\u00a0 Die Sch\u00fclervertretung &hellip; <\/p>\n","protected":false},"author":1,"featured_media":0,"parent":0,"menu_order":0,"comment_status":"closed","ping_status":"closed","template":"","meta":[],"_links":{"self":[{"href":"https:\/\/test.loris.tv\/gms\/wp-json\/wp\/v2\/pages\/10612"}],"collection":[{"href":"https:\/\/test.loris.tv\/gms\/wp-json\/wp\/v2\/pages"}],"about":[{"href":"https:\/\/test.loris.tv\/gms\/wp-json\/wp\/v2\/types\/page"}],"author":[{"embeddable":true,"href":"https:\/\/test.loris.tv\/gms\/wp-json\/wp\/v2\/users\/1"}],"replies":[{"embeddable":true,"href":"https:\/\/test.loris.tv\/gms\/wp-json\/wp\/v2\/comments?post=10612"}],"version-history":[{"count":7,"href":"https:\/\/test.loris.tv\/gms\/wp-json\/wp\/v2\/pages\/10612\/revisions"}],"predecessor-version":[{"id":11635,"href":"https:\/\/test.loris.tv\/gms\/wp-json\/wp\/v2\/pages\/10612\/revisions\/11635"}],"wp:attachment":[{"href":"https:\/\/test.loris.tv\/gms\/wp-json\/wp\/v2\/media?parent=10612"}],"curies":[{"name":"wp","href":"https:\/\/api.w.org\/{rel}","templated":true}]}}